{"id":142,"date":"2023-05-30T15:00:02","date_gmt":"2023-05-30T15:00:02","guid":{"rendered":"https:\/\/arletabanach.pl\/?page_id=142"},"modified":"2023-11-10T10:54:41","modified_gmt":"2023-11-10T10:54:41","slug":"kalendarz-rezerwacji","status":"publish","type":"page","link":"https:\/\/arletabanach.pl\/?page_id=142","title":{"rendered":"Kalendarz rezerwacji"},"content":{"rendered":"\n\t<section class=\"section\" id=\"section_1907790890\">\n\t\t<div class=\"section-bg fill\" >\n\t\t\t\t\t\t\t\t\t\n\t\t\t\n\n\t\t<\/div>\n\n\t\t\n\n\t\t<div class=\"section-content relative\">\n\t\t\t\n<div class=\"row align-center\" style=\"max-width:1200px\" id=\"row-1005113611\">\n\n\t<div id=\"col-891474313\" class=\"col medium-10 small-12 large-6\"  >\n\t\t\t\t<div class=\"col-inner\"  >\n\t\t\t\n\t\t\t\n\t<div id=\"gap-165822808\" class=\"gap-element clearfix\" style=\"display:block; height:auto;\">\n\t\t\n<style>\n#gap-165822808 {\n  padding-top: 30px;\n}\n<\/style>\n\t<\/div>\n\t\n\t<div id=\"text-3517109166\" class=\"text\">\n\t\t\n<h6>ARLETA BANACH<\/h6>\n\t\t\n<style>\n#text-3517109166 {\n  font-size: 1.1rem;\n  text-align: center;\n}\n<\/style>\n\t<\/div>\n\t\n\t<div id=\"text-1871925467\" class=\"text\">\n\t\t\n<h2>Life Coaching<\/h2>\n\t\t\n<style>\n#text-1871925467 {\n  font-size: 1.4rem;\n  text-align: center;\n}\n<\/style>\n\t<\/div>\n\t\n\t<div id=\"gap-777712968\" class=\"gap-element clearfix\" style=\"display:block; height:auto;\">\n\t\t\n<style>\n#gap-777712968 {\n  padding-top: 10px;\n}\n<\/style>\n\t<\/div>\n\t\n\t<div id=\"text-3616257102\" class=\"text\">\n\t\t\n<p>Life coaching skoncentrowany jest na rozwoju i zmianie w \u017cyciu prywatnym, zawodowym i osobistym. Podczas sesji staramy si\u0119 doprowadzi\u0107 do osi\u0105gania upragnionych cel\u00f3w i zmian.<span class=\"Apple-converted-space\">\u00a0<\/span><\/p>\n<p><strong>Kiedy jest potrzebny?<\/strong><\/p>\n<ul>\n<li class=\"bullet-checkmark\">Gdy nie zdajesz sobie sprawy ze swoich mocnych stron, zasob\u00f3w czy talent\u00f3w i nie wiesz jak je rozwija\u0107,\u00a0masz poczucie, \u017ce brakuje Tobie jasnej oceny sytuacji w\u00f3wczas, kiedy trzeba podj\u0105\u0107 decyzj\u0119.<\/li>\n<\/ul>\n<p><strong>Co uzyskasz?<\/strong><\/p>\n<ul>\n<li class=\"bullet-checkmark\">Popraw\u0119 jako\u015bci \u017cycia.<\/li>\n<li class=\"bullet-checkmark\">Umiej\u0119tno\u015b\u0107 podejmowania decyzji i rozwi\u0105zywania problem\u00f3w: w domu, w relacji i rodzinie.<\/li>\n<li class=\"bullet-checkmark\">Pewno\u015b\u0107 siebie, kreatywno\u015b\u0107 i asertywno\u015b\u0107.<\/li>\n<li class=\"bullet-checkmark\">Zmian\u0119 my\u015blenia, umiej\u0119tno\u015b\u0107 odwracania my\u015bli, schemat\u00f3w i nawyk\u00f3w.<\/li>\n<li class=\"bullet-checkmark\">Schudniesz, zmienisz styl i wiele innych.<\/li>\n<\/ul>\n\t\t\n<style>\n#text-3616257102 {\n  text-align: left;\n}\n<\/style>\n\t<\/div>\n\t\n\t\t<\/div>\n\t\t\t\t\n<style>\n#col-891474313 > .col-inner {\n  padding: 0px 20px 0px 20px;\n}\n@media (min-width:550px) {\n  #col-891474313 > .col-inner {\n    padding: 0px 40px 0px 40px;\n  }\n}\n<\/style>\n\t<\/div>\n\n\t\n\n\t<div id=\"col-364752838\" class=\"col medium-5 small-12 large-5\"  >\n\t\t\t\t<div class=\"col-inner box-shadow-2 box-shadow-4-hover\"  >\n\t\t\t\n\t\t\t\n<span class=\"scroll-to\" data-label=\"Scroll to: #wizyta\" data-bullet=\"false\" data-link=\"#wizyta\" data-title=\"wizyta\"><a name=\"wizyta\"><\/a><\/span>\n\t<div id=\"text-3499326732\" class=\"text\">\n\t\t\n<h6>UM\u00d3W WIZYT\u0118<\/h6>\n\t\t\n<style>\n#text-3499326732 {\n  font-size: 1.1rem;\n  text-align: center;\n}\n<\/style>\n\t<\/div>\n\t\n\t<div id=\"text-2485338553\" class=\"text\">\n\t\t\n<h2>Kalendarz wizyt<\/h2>\n\t\t\n<style>\n#text-2485338553 {\n  font-size: 1.4rem;\n  text-align: center;\n}\n<\/style>\n\t<\/div>\n\t\n <div id=\"form_id1628906567680\" class=\"wpbc_container wpbc_form wpbc_container_booking_form \" ><form id=\"booking_form1\" class=\"booking_form vertical\" method=\"post\" action=\"\"><div id=\"ajax_respond_insert1\" class=\"ajax_respond_insert\" style=\"display:none;\"><\/div><a name=\"bklnk1\" id=\"bklnk1\"><\/a><div id=\"booking_form_div1\" class=\"booking_form_div\"><style type=\"text\/css\">.wpbc_container_booking_form .block_hints, .wpbc_booking_form_simple.wpbc_form_center .wpbc__form__div .wpbc__row.wpbc_r_calendar, .wpbc_booking_form_simple .wpbc__form__div .wpbc__row:not(.wpbc_r_calendar){max-width:440px;} <\/style>\n<div class=\"wpbc_booking_form_simple \">\n<div class=\"wpbc__form__div\">\n\t\t\t<div class=\"wpbc_r_calendar wpbc__row\">\n\t\t\t\t<div class=\"wpbc_r_calendar wpbc__field\"> <label><\/label><br><div class=\"wpbc_calendar_wraper wpbc_change_over_triangle wpbc_calendar_skin_legacy\"><style type=\"text\/css\" rel=\"stylesheet\" >.hasDatepick .datepick-inline .datepick-title-row th,.hasDatepick .datepick-inline .datepick-days-cell,.hasDatepick .datepick-inline .wpbc-cell-box{ max-height: 30px; }<\/style><div class=\"wpbc_cal_container bk_calendar_frame months_num_in_row_2 cal_month_num_1 wpbc_timeslot_day_bg_as_available\" style=\"width:100%;max-width:368px;\"><div id=\"calendar_booking1\"  class=\"wpbc_calendar_id_1\" >\t<div class=\"calendar_loader_frame calendar_loader_frame1\"\r\n\t\tdata-wpbc-rid=\"1\"\r\n\t\tdata-wpbc-grace=\"8000\"\r\n\t\tstyle=\"--wpbc-loader-cols: 1;\"\r\n\t>\r\n\t\t<div class=\"calendar_loader_text\">Wczytywanie...<\/div>\r\n\t\t<div class=\"calendar_loader_frame__progress_line_container\">\r\n\t\t\t<div class=\"calendar_loader_frame__progress_line\"><\/div>\r\n\t\t<\/div>\r\n\t<\/div>\r\n\t<\/div><\/div><div style=\"font-size:7px;text-align:left;margin:0 0 10px;text-shadow: none;\">Powered by <a href=\"https:\/\/wpbookingcalendar.com\" style=\"font-size:7px;\" target=\"_blank\" title=\"Booking Calendar plugin for WordPress\">Booking Calendar<\/a><\/div><textarea id=\"date_booking1\" name=\"date_booking1\" autocomplete=\"off\" style=\"display:none;\"><\/textarea><\/div> <\/div>\n\t\t\t<\/div>\n\t\t\t<div class=\"wpbc__row\">\n\t\t\t\t<div class=\"wpbc_r_name wpbc__field\"> <label>Imi\u0119*<\/label><br><span class=\"wpbc_wrap_text wpdev-form-control-wrap name1\"><input type=\"text\" name=\"name1\" value=\"\" autocomplete=\"name\" class=\"wpdev-validates-as-required\" size=\"40\" \/><\/span> <\/div>\n\t\t\t<\/div>\n\t\t\t<div class=\"wpbc__row\">\n\t\t\t\t<div class=\"wpbc_r_secondname wpbc__field\"> <label>Nazwisko*<\/label><br><span class=\"wpbc_wrap_text wpdev-form-control-wrap secondname1\"><input type=\"text\" name=\"secondname1\" value=\"\" autocomplete=\"secondname\" class=\"wpdev-validates-as-required\" size=\"40\" \/><\/span> <\/div>\n\t\t\t<\/div>\n\t\t\t<div class=\"wpbc__row\">\n\t\t\t\t<div class=\"wpbc_r_email wpbc__field\"> <label>Email*<\/label><br><span class=\"wpbc_wrap_text wpdev-form-control-wrap email1\"><input type=\"email\" name=\"email1\" value=\"\" autocomplete=\"email\" class=\"wpdev-validates-as-email wpdev-validates-as-required\" size=\"40\" \/><\/span> <\/div>\n\t\t\t<\/div>\n\t\t\t<div class=\"wpbc__row\">\n\t\t\t\t<div class=\"wpbc_r_phone wpbc__field\"> <label>Telefon<\/label><br><span class=\"wpbc_wrap_text wpdev-form-control-wrap phone1\"><input type=\"text\" name=\"phone1\" value=\"\" autocomplete=\"phone\" size=\"40\" \/><\/span> <\/div>\n\t\t\t<\/div>\n\t\t\t<div class=\"wpbc__row\">\n\t\t\t\t<div class=\"wpbc_r_usuga_1685025093044_rand wpbc__field\"> <label>us\u0142uga na \u017cywo lub online - rezerwacja*<\/label><br><span class=\"wpbc_wrap_select wpdev-form-control-wrap usuga_1685025093044_rand1\"><select onchange=\"javascript:if(typeof( wpbc_show_cost_hints_after_few_seconds )=='function'){wpbc_show_cost_hints_after_few_seconds(1);}\" name=\"usuga_1685025093044_rand1\" autocomplete=\"usuga_1685025093044_rand\" class=\"wpdev-validates-as-required\"><option value=\"Sesja online\">Sesja online<\/option><option value=\"Sesja stacjonarna\">Sesja stacjonarna<\/option><\/select><\/span> <\/div>\n\t\t\t<\/div>\n\t\t\t<div class=\"wpbc__row\">\n\t\t\t\t<div class=\"wpbc_r_submit wpbc__field\"><input type=\"button\" value=\"Wy\u015blij\" class=\"wpbc_button_light  btn btn\" onclick=\"wpbc_booking_form_submit(this.form,1, 'pl_PL');\" \/> <\/div>\n\t\t\t<\/div>\n<\/div>\n<\/div><input id=\"bk_type1\" name=\"bk_type1\" class=\"\" type=\"hidden\" value=\"1\" \/><\/div><div id=\"submiting1\"><\/div><div class=\"form_bk_messages\" id=\"form_bk_messages1\" ><\/div><input type=\"hidden\" id=\"wpbc_nonceCALCULATE_THE_COST1\" name=\"wpbc_nonceCALCULATE_THE_COST1\" value=\"e0b36c8ca0\" \/><input type=\"hidden\" name=\"_wp_http_referer\" value=\"\/index.php?rest_route=%2Fwp%2Fv2%2Fpages%2F142\" \/><\/form><\/div><div id=\"booking_form_garbage1\" class=\"booking_form_garbage\"><\/div> \n\t\t<\/div>\n\t\t\t\t\n<style>\n#col-364752838 > .col-inner {\n  padding: 20px 20px 20px 20px;\n  border-radius: 24px;\n}\n<\/style>\n\t<\/div>\n\n\t\n<\/div>\n\t\t<\/div>\n\n\t\t\n<style>\n#section_1907790890 {\n  padding-top: 30px;\n  padding-bottom: 30px;\n}\n<\/style>\n\t<\/section>\n\t\n\n\t<section class=\"section\" id=\"section_119923732\">\n\t\t<div class=\"section-bg fill\" >\n\t\t\t\t\t\t\t\t\t\n\t\t\t\n\n\t\t<\/div>\n\n\t\t\n\n\t\t<div class=\"section-content relative\">\n\t\t\t\n<div class=\"row row-collapse align-center\"  id=\"row-774021298\">\n\n\t<div id=\"col-1248106570\" class=\"col medium-11 small-11 large-12\"  >\n\t\t\t\t<div class=\"col-inner box-shadow-2\" style=\"background-color:rgb(255,255,255);\" >\n\t\t\t\n\t\t\t\n<div class=\"row row-collapse row-solid\"  id=\"row-1405149315\">\n\n\t<div id=\"col-1530293552\" class=\"col custom-footer-cta-border-left medium-12 small-12 large-6\"  >\n\t\t\t\t<div class=\"col-inner text-center\"  >\n\t\t\t\n\t\t\t\n\n\t\t<div class=\"icon-box featured-box icon-box-center text-center\"  >\n\t\t\t\t<div class=\"icon-box-text last-reset\">\n\t\t\t\t\t\t\t\t\t\n\t<div id=\"text-2316417408\" class=\"text\">\n\t\t\n<h3>Masz pytania odno\u015bnie us\u0142ug?<\/h3>\n<p>Wy\u015blij do mnie wiadomo\u015b\u0107 e-mail.<br \/>\n\t\t\n<style>\n#text-2316417408 {\n  text-align: center;\n}\n<\/style>\n\t<\/div>\n\t\n\t<div id=\"gap-180277655\" class=\"gap-element clearfix\" style=\"display:block; height:auto;\">\n\t\t\n<style>\n#gap-180277655 {\n  padding-top: 30px;\n}\n<\/style>\n\t<\/div>\n\t\n<a href=\"mailto:kontakt@arletabanach.pl\" class=\"button primary is-small\" style=\"border-radius:99px;\">\n\t\t<span>Wy\u015blij maila<\/span>\n\t<i class=\"icon-envelop\" aria-hidden=\"true\"><\/i><\/a>\n\n\t\t<\/div>\n\t<\/div>\n\t\n\t\n\t\t<\/div>\n\t\t\t\t\n<style>\n#col-1530293552 > .col-inner {\n  padding: 40px 40px 40px 40px;\n}\n<\/style>\n\t<\/div>\n\n\t\n\n\t<div id=\"col-1559847049\" class=\"col custom-footer-cta-border-right medium-12 small-12 large-6\"  >\n\t\t\t\t<div class=\"col-inner text-left\"  >\n\t\t\t\n\t\t\t\n\n\t\t<div class=\"icon-box featured-box icon-box-center text-center\"  >\n\t\t\t\t<div class=\"icon-box-text last-reset\">\n\t\t\t\t\t\t\t\t\t\n\t<div id=\"text-428968925\" class=\"text\">\n\t\t\n<h3>Masz w\u0105tpliwo\u015bci?<\/h3>\n<p>Skontaktuj si\u0119 ze mn\u0105 poprzez poni\u017cszy numer.<br \/>\n\t\t\n<style>\n#text-428968925 {\n  text-align: center;\n}\n<\/style>\n\t<\/div>\n\t\n\t<div id=\"gap-2040629248\" class=\"gap-element clearfix\" style=\"display:block; height:auto;\">\n\t\t\n<style>\n#gap-2040629248 {\n  padding-top: 30px;\n}\n<\/style>\n\t<\/div>\n\t\n<a class=\"button secondary is-small\" style=\"border-radius:99px;\">\n\t\t<span>600 225 035<\/span>\n\t<i class=\"icon-phone\" aria-hidden=\"true\"><\/i><\/a>\n\n\t\t<\/div>\n\t<\/div>\n\t\n\t\n\t\t<\/div>\n\t\t\t\t\n<style>\n#col-1559847049 > .col-inner {\n  padding: 40px 40px 40px 40px;\n}\n<\/style>\n\t<\/div>\n\n\t\n<\/div>\n\t\t<\/div>\n\t\t\t\t\n<style>\n#col-1248106570 > .col-inner {\n  margin: -60px 0px 0px 0px;\n  border-radius: 10px;\n}\n<\/style>\n\t<\/div>\n\n\t\n<\/div>\n<div class=\"row\"  id=\"row-1943117902\">\n\n\t<div id=\"col-1840650987\" class=\"col small-12 large-12\"  >\n\t\t\t\t<div class=\"col-inner dark\"  >\n\t\t\t\n\t\t\t\n<div class=\"row row-collapse align-middle align-center\"  id=\"row-1571078556\">\n\n\t<div id=\"col-827060605\" class=\"col medium-6 small-6 large-3\"  >\n\t\t\t\t<div class=\"col-inner\"  >\n\t\t\t\n\t\t\t\n<div class=\"social-icons follow-icons full-width text-center\" style=\"font-size:110%\"><a href=\"https:\/\/www.instagram.com\/arletabanach_coach_mentor\/\" target=\"_blank\" data-label=\"Instagram\" class=\"icon button circle is-outline tooltip instagram\" title=\"Obserwuj na Instagramie\" aria-label=\"Obserwuj na Instagramie\" rel=\"noopener nofollow\"><i class=\"icon-instagram\" aria-hidden=\"true\"><\/i><\/a><a href=\"mailto:kontakt@arletabanach.pl\" data-label=\"E-mail\" target=\"_blank\" class=\"icon button circle is-outline tooltip email\" title=\"Wy\u015blij nam email\" aria-label=\"Wy\u015blij nam email\" rel=\"nofollow noopener\"><i class=\"icon-envelop\" aria-hidden=\"true\"><\/i><\/a><a href=\"https:\/\/www.linkedin.com\/in\/arleta-banach-782591240\/\" data-label=\"LinkedIn\" target=\"_blank\" class=\"icon button circle is-outline tooltip linkedin\" title=\"\u015aled\u017a na LinkedIn\" aria-label=\"\u015aled\u017a na LinkedIn\" rel=\"noopener nofollow\"><i class=\"icon-linkedin\" aria-hidden=\"true\"><\/i><\/a><\/div>\n\t\t<\/div>\n\t\t\t\t\t<\/div>\n\n\t\n<\/div>\n\t\t<\/div>\n\t\t\t\t\n<style>\n#col-1840650987 > .col-inner {\n  padding: 30px 0px 0px 0px;\n}\n<\/style>\n\t<\/div>\n\n\t\n<\/div>\n\t\t<\/div>\n\n\t\t\n<style>\n#section_119923732 {\n  padding-top: 30px;\n  padding-bottom: 30px;\n  background-color: #165874;\n}\n<\/style>\n\t<\/section>\n\t\n","protected":false},"excerpt":{"rendered":"","protected":false},"author":1,"featured_media":0,"parent":0,"menu_order":0,"comment_status":"closed","ping_status":"closed","template":"page-blank.php","meta":{"footnotes":""},"class_list":["post-142","page","type-page","status-publish","hentry"],"yoast_head":"<!-- This site is optimized with the Yoast SEO plugin v27.4 - https:\/\/yoast.com\/product\/yoast-seo-wordpress\/ -->\n<title>Kalendarz rezerwacji - Arleta Banach Coaching i Mentoring<\/title>\n<meta name=\"robots\" content=\"index, follow, max-snippet:-1, max-image-preview:large, max-video-preview:-1\" \/>\n<link rel=\"canonical\" href=\"https:\/\/arletabanach.pl\/?page_id=142\" \/>\n<meta property=\"og:locale\" content=\"pl_PL\" \/>\n<meta property=\"og:type\" content=\"article\" \/>\n<meta property=\"og:title\" content=\"Kalendarz rezerwacji - Arleta Banach Coaching i Mentoring\" \/>\n<meta property=\"og:url\" content=\"https:\/\/arletabanach.pl\/?page_id=142\" \/>\n<meta property=\"og:site_name\" content=\"Arleta Banach Coaching i Mentoring\" \/>\n<meta property=\"article:modified_time\" content=\"2023-11-10T10:54:41+00:00\" \/>\n<meta name=\"twitter:card\" content=\"summary_large_image\" \/>\n<meta name=\"twitter:label1\" content=\"Szacowany czas czytania\" \/>\n\t<meta name=\"twitter:data1\" content=\"1 minuta\" \/>\n<script type=\"application\/ld+json\" class=\"yoast-schema-graph\">{\"@context\":\"https:\\\/\\\/schema.org\",\"@graph\":[{\"@type\":\"WebPage\",\"@id\":\"https:\\\/\\\/arletabanach.pl\\\/?page_id=142\",\"url\":\"https:\\\/\\\/arletabanach.pl\\\/?page_id=142\",\"name\":\"Kalendarz rezerwacji - Arleta Banach Coaching i Mentoring\",\"isPartOf\":{\"@id\":\"https:\\\/\\\/arletabanach.pl\\\/#website\"},\"datePublished\":\"2023-05-30T15:00:02+00:00\",\"dateModified\":\"2023-11-10T10:54:41+00:00\",\"breadcrumb\":{\"@id\":\"https:\\\/\\\/arletabanach.pl\\\/?page_id=142#breadcrumb\"},\"inLanguage\":\"pl-PL\",\"potentialAction\":[{\"@type\":\"ReadAction\",\"target\":[\"https:\\\/\\\/arletabanach.pl\\\/?page_id=142\"]}]},{\"@type\":\"BreadcrumbList\",\"@id\":\"https:\\\/\\\/arletabanach.pl\\\/?page_id=142#breadcrumb\",\"itemListElement\":[{\"@type\":\"ListItem\",\"position\":1,\"name\":\"Strona g\u0142\u00f3wna\",\"item\":\"https:\\\/\\\/arletabanach.pl\\\/\"},{\"@type\":\"ListItem\",\"position\":2,\"name\":\"Kalendarz rezerwacji\"}]},{\"@type\":\"WebSite\",\"@id\":\"https:\\\/\\\/arletabanach.pl\\\/#website\",\"url\":\"https:\\\/\\\/arletabanach.pl\\\/\",\"name\":\"Arleta Banach Coaching i Mentoring\",\"description\":\"\",\"potentialAction\":[{\"@type\":\"SearchAction\",\"target\":{\"@type\":\"EntryPoint\",\"urlTemplate\":\"https:\\\/\\\/arletabanach.pl\\\/?s={search_term_string}\"},\"query-input\":{\"@type\":\"PropertyValueSpecification\",\"valueRequired\":true,\"valueName\":\"search_term_string\"}}],\"inLanguage\":\"pl-PL\"}]}<\/script>\n<!-- \/ Yoast SEO plugin. -->","yoast_head_json":{"title":"Kalendarz rezerwacji - Arleta Banach Coaching i Mentoring","robots":{"index":"index","follow":"follow","max-snippet":"max-snippet:-1","max-image-preview":"max-image-preview:large","max-video-preview":"max-video-preview:-1"},"canonical":"https:\/\/arletabanach.pl\/?page_id=142","og_locale":"pl_PL","og_type":"article","og_title":"Kalendarz rezerwacji - Arleta Banach Coaching i Mentoring","og_url":"https:\/\/arletabanach.pl\/?page_id=142","og_site_name":"Arleta Banach Coaching i Mentoring","article_modified_time":"2023-11-10T10:54:41+00:00","twitter_card":"summary_large_image","twitter_misc":{"Szacowany czas czytania":"1 minuta"},"schema":{"@context":"https:\/\/schema.org","@graph":[{"@type":"WebPage","@id":"https:\/\/arletabanach.pl\/?page_id=142","url":"https:\/\/arletabanach.pl\/?page_id=142","name":"Kalendarz rezerwacji - Arleta Banach Coaching i Mentoring","isPartOf":{"@id":"https:\/\/arletabanach.pl\/#website"},"datePublished":"2023-05-30T15:00:02+00:00","dateModified":"2023-11-10T10:54:41+00:00","breadcrumb":{"@id":"https:\/\/arletabanach.pl\/?page_id=142#breadcrumb"},"inLanguage":"pl-PL","potentialAction":[{"@type":"ReadAction","target":["https:\/\/arletabanach.pl\/?page_id=142"]}]},{"@type":"BreadcrumbList","@id":"https:\/\/arletabanach.pl\/?page_id=142#breadcrumb","itemListElement":[{"@type":"ListItem","position":1,"name":"Strona g\u0142\u00f3wna","item":"https:\/\/arletabanach.pl\/"},{"@type":"ListItem","position":2,"name":"Kalendarz rezerwacji"}]},{"@type":"WebSite","@id":"https:\/\/arletabanach.pl\/#website","url":"https:\/\/arletabanach.pl\/","name":"Arleta Banach Coaching i Mentoring","description":"","potentialAction":[{"@type":"SearchAction","target":{"@type":"EntryPoint","urlTemplate":"https:\/\/arletabanach.pl\/?s={search_term_string}"},"query-input":{"@type":"PropertyValueSpecification","valueRequired":true,"valueName":"search_term_string"}}],"inLanguage":"pl-PL"}]}},"_links":{"self":[{"href":"https:\/\/arletabanach.pl\/index.php?rest_route=\/wp\/v2\/pages\/142","targetHints":{"allow":["GET"]}}],"collection":[{"href":"https:\/\/arletabanach.pl\/index.php?rest_route=\/wp\/v2\/pages"}],"about":[{"href":"https:\/\/arletabanach.pl\/index.php?rest_route=\/wp\/v2\/types\/page"}],"author":[{"embeddable":true,"href":"https:\/\/arletabanach.pl\/index.php?rest_route=\/wp\/v2\/users\/1"}],"replies":[{"embeddable":true,"href":"https:\/\/arletabanach.pl\/index.php?rest_route=%2Fwp%2Fv2%2Fcomments&post=142"}],"version-history":[{"count":9,"href":"https:\/\/arletabanach.pl\/index.php?rest_route=\/wp\/v2\/pages\/142\/revisions"}],"predecessor-version":[{"id":461,"href":"https:\/\/arletabanach.pl\/index.php?rest_route=\/wp\/v2\/pages\/142\/revisions\/461"}],"wp:attachment":[{"href":"https:\/\/arletabanach.pl\/index.php?rest_route=%2Fwp%2Fv2%2Fmedia&parent=142"}],"curies":[{"name":"wp","href":"https:\/\/api.w.org\/{rel}","templated":true}]}}